{"id":15231,"date":"2021-04-27T13:39:27","date_gmt":"2021-04-27T10:39:27","guid":{"rendered":"https:\/\/destechsunucu.com\/etkiniz\/?page_id=15231"},"modified":"2021-06-16T16:27:45","modified_gmt":"2021-06-16T13:27:45","slug":"co-working","status":"publish","type":"page","link":"https:\/\/forum.etkiniz.eu\/en\/co-working\/","title":{"rendered":"CO-WORKING"},"content":{"rendered":"<p>[vc_row bg_type=&#8221;bg_color&#8221; bg_override=&#8221;ex-full&#8221; bg_color_value=&#8221;#ffffff&#8221; css=&#8221;.vc_custom_1620031936343{margin-top: -15px !important;}&#8221;][vc_column]<div id=\"ultimate-heading-452069d200922b633\" class=\"uvc-heading ult-adjust-bottom-margin ultimate-heading-452069d200922b633 uvc-4223 \" data-hspacer=\"line_with_icon\" data-hline_width=\"250\" data-hicon_type=\"selector\" data-hborder_style=\"solid\" data-hborder_height=\"3\" data-hborder_color=\"#0353a5\" data-icon_width=\"14\" data-hfixer=\"15\"  data-halign=\"center\" style=\"text-align:center\"><div class=\"uvc-main-heading ult-responsive\"  data-ultimate-target='.uvc-heading.ultimate-heading-452069d200922b633 h2'  data-responsive-json-new='{\"font-size\":\"desktop:50px;\",\"line-height\":\"desktop:60px;\"}' ><h2 style=\"font-weight:bold;margin-bottom:10px;\">CO-WORKING SPACE<\/h2><\/div><div class=\"uvc-heading-spacer line_with_icon\" style=\"margin-bottom:80px;height:14px;\"><div class=\"ult-just-icon-wrapper  \"><div class=\"align-icon\" style=\"text-align:center;\">\n<div class=\"aio-icon none \"  style=\"color:#0353a5;font-size:14px;display:inline-block;\">\n\t<i class=\"icomoon-font-awesome-14x14-bookmark\"><\/i>\n<\/div><\/div><\/div><\/div><\/div>[\/vc_column][\/vc_row][vc_row full_width=&#8221;stretch_row_content_no_spaces&#8221; equal_height=&#8221;yes&#8221; bg_type=&#8221;bg_color&#8221; bg_override=&#8221;ex-full&#8221; type=&#8221;vc_default&#8221; css=&#8221;.vc_custom_1620212906653{background-color: #f7f7f7 !important;background-position: center !important;background-repeat: no-repeat !important;background-size: cover !important;}&#8221; bg_color_value=&#8221;#f7f7f7&#8243;][vc_column css=&#8221;.vc_custom_1517239522472{padding-top: 70px !important;padding-right: 50px !important;padding-bottom: 40px !important;padding-left: 50px !important;background-color: #f7f7f7 !important;}&#8221; offset=&#8221;vc_col-lg-offset-0 vc_col-lg-6 vc_col-md-offset-0 vc_col-md-6 vc_col-sm-offset-0 vc_col-xs-12&#8243;]<div id=\"ultimate-heading-253769d200922b6ac\" class=\"uvc-heading ult-adjust-bottom-margin ultimate-heading-253769d200922b6ac uvc-9963 accent-border-color\" data-hspacer=\"line_only\"  data-halign=\"center\" style=\"text-align:center\"><div class=\"uvc-main-heading ult-responsive\"  data-ultimate-target='.uvc-heading.ultimate-heading-253769d200922b6ac h2'  data-responsive-json-new='{\"font-size\":\"desktop:34px;\",\"line-height\":\"desktop:44px;\"}' ><h2 style=\"font-weight:bold;margin-bottom:15px;\">Share your work with participants<\/h2><\/div><div class=\"uvc-heading-spacer line_only\" style=\"margin-bottom:50px;height:3px;\"><span class=\"uvc-headings-line\" style=\"border-style:solid;border-bottom-width:3px;border-color:;width:150px;\"><\/span><\/div><\/div>[vc_column_text css=&#8221;.vc_custom_1621329447111{padding-bottom: 15px !important;}&#8221;]You may share any content about your work on #EtkinizForum Co-working Space which is open to everyone\u2019s participation. By signing into the <a href=\"https:\/\/padlet.com\/etkiniz\/forum\" target=\"_blank\" rel=\"noopener\">Padlet<\/a> platform, you may share any kind of multimedia content you wish in the space where you can share your own content, including videos, images, drawings, voice recordings etc. We designed each column in the Co-working Space to collect your content on different topics.<\/p>\n<p>Some of the things you can do in #EtkinizForum Co-Working Space are:<\/p>\n<ul>\n<li>Adding the monitoring reports and output in various rights areas under the <strong>\u201cMonitoring Human Rights\u201d<\/strong> column.<\/li>\n<li>Draw your own owl under the <strong>\u201cDraw the Owl of Yours\u201d<\/strong> column.<\/li>\n<li>How about getting in all our messages bidding farewell to the pandemic? We will be collecting our messages to be sent to a healthy future under the <strong>\u201cBye Bye Corona\u201d<\/strong> column.<\/li>\n<li>You can share any idea you want to, at the <strong>&#8220;Speaker&#8217;s Corner&#8221;<\/strong> column.<\/li>\n<\/ul>\n<p>[\/vc_column_text]<div class=\" ubtn-ctn-center anchor-link\"><a class=\"ubtn-link ult-adjust-bottom-margin ubtn-center ubtn-custom anchor-link\" href=\"https:\/\/forum.etkiniz.eu\/wp-content\/uploads\/2021\/05\/How-to-use-Padlet.pdf\" target=\"_blank\" rel=\"noopener\" ><button type=\"button\" id=\"ubtn-8235\"  class=\"ubtn ult-adjust-bottom-margin ult-responsive ubtn-custom ubtn-no-hover-bg  none  ubtn-center   tooltip-69d200922b6fc\"  data-hover=\"\" data-border-color=\"\" data-bg=\"#0353a5\" data-hover-bg=\"#f8c013\" data-border-hover=\"\" data-shadow-hover=\"\" data-shadow-click=\"none\" data-shadow=\"\" data-shd-shadow=\"\"  data-ultimate-target='#ubtn-8235'  data-responsive-json-new='{\"font-size\":\"desktop:18px;\",\"line-height\":\"desktop:18px;\"}'  style=\"font-family:&#039;Roboto Condensed&#039;;font-weight:bold;width:px;min-height:px;padding:15px 25px;border:none;background: #0353a5;color: #ffffff;\"><span class=\"ubtn-hover\" style=\"background-color:#f8c013\"><\/span><span class=\"ubtn-data ubtn-text \" >How to Use Padlet?<\/span><\/button><\/a><\/div>[\/vc_column][vc_column offset=&#8221;vc_col-lg-offset-0 vc_col-lg-6 vc_col-md-offset-0 vc_col-md-6 vc_col-sm-offset-0 vc_hidden-sm vc_hidden-xs&#8221; css=&#8221;.vc_custom_1620505074828{padding-top: 150px !important;padding-bottom: 150px !important;background-image: url(https:\/\/forum.etkiniz.eu\/wp-content\/uploads\/2021\/05\/grid_5-1.png?id=15295) !important;background-position: center !important;background-repeat: no-repeat !important;background-size: cover !important;}&#8221;][\/vc_column][\/vc_row][vc_row][vc_column][vc_column_text]<\/p>\n<div class=\"padlet-embed\" style=\"border: 1px solid rgba(0,0,0,0.1); border-radius: 2px; box-sizing: border-box; overflow: hidden; position: relative; width: 100%; background: #F4F4F4;\">\n<p style=\"padding: 0; margin: 0;\"><iframe style=\"width: 100%; height: 608px; display: block; padding: 0; margin: 0;\" src=\"https:\/\/padlet.com\/embed\/mc3zzbtdc294dvdz\" frameborder=\"0\"><\/iframe><\/p>\n<div style=\"padding: 8px; text-align: right; margin: 0;\"><a style=\"padding: 0; margin: 0; border: none; display: block; line-height: 1; height: 16px;\" href=\"https:\/\/padlet.com?ref=embed\" target=\"_blank\" rel=\"noopener\"><img loading=\"lazy\" decoding=\"async\" style=\"padding: 0; margin: 0; background: none; border: none; display: inline; box-shadow: none;\" src=\"https:\/\/padlet.net\/embeds\/made_with_padlet.png\" alt=\"Padlet ile yap\u0131ld\u0131\" width=\"86\" height=\"16\" \/><\/a><\/div>\n<\/div>\n<p>[\/vc_column_text][\/vc_column][\/vc_row]<\/p>\n","protected":false},"excerpt":{"rendered":"<p>[vc_row bg_type=&#8221;bg_color&#8221; bg_override=&#8221;ex-full&#8221; bg_color_value=&#8221;#ffffff&#8221; css=&#8221;.vc_custom_1620031936343{margin-top: -15px !important;}&#8221;][vc_column][\/vc_column][\/vc_row][vc_row full_width=&#8221;stretch_row_content_no_spaces&#8221; equal_height=&#8221;yes&#8221; bg_type=&#8221;bg_color&#8221; bg_override=&#8221;ex-full&#8221; type=&#8221;vc_default&#8221; css=&#8221;.vc_custom_1620212906653{background-color: #f7f7f7 !important;background-position: center !important;background-repeat: no-repeat !important;background-size: cover !important;}&#8221; bg_color_value=&#8221;#f7f7f7&#8243;][vc_column css=&#8221;.vc_custom_1517239522472{padding-top: 70px !important;padding-right: 50px !important;padding-bottom: 40px !important;padding-left: 50px !important;background-color: #f7f7f7 !important;}&#8221; offset=&#8221;vc_col-lg-offset-0 vc_col-lg-6 vc_col-md-offset-0 vc_col-md-6 vc_col-sm-offset-0 vc_col-xs-12&#8243;][vc_column_text css=&#8221;.vc_custom_1621329447111{padding-bottom: 15px !important;}&#8221;]You may share any content about your work on #EtkinizForum Co-working Space which is&hellip;<\/p>\n","protected":false},"author":1,"featured_media":0,"parent":0,"menu_order":0,"comment_status":"closed","ping_status":"closed","template":"","meta":[],"class_list":["post-15231","page","type-page","status-publish","hentry","description-off"],"yoast_head":"<!-- This site is optimized with the Yoast SEO plugin v22.3 - https:\/\/yoast.com\/wordpress\/plugins\/seo\/ -->\n<title>Etkiniz Forum | Veronica Yates | The Rights Studio &amp; CRIN<\/title>\n<meta name=\"description\" content=\"Veronica Yates | The Rights Studio &amp; Child Rights International Network - CRIN | #Neyi\u0130zlemiyoruz? A\u00e7\u0131l\u0131\u015f konu\u015fmalar\u0131\" \/>\n<meta name=\"robots\" content=\"index, follow, max-snippet:-1, max-image-preview:large, max-video-preview:-1\" \/>\n<link rel=\"canonical\" href=\"https:\/\/forum.etkiniz.eu\/en\/co-working\/\" \/>\n<meta property=\"og:locale\" content=\"en_US\" \/>\n<meta property=\"og:type\" content=\"article\" \/>\n<meta property=\"og:title\" content=\"Etkiniz Forum | Veronica Yates | The Rights Studio &amp; CRIN\" \/>\n<meta property=\"og:description\" content=\"Veronica Yates | The Rights Studio &amp; Child Rights International Network - CRIN | #Neyi\u0130zlemiyoruz? A\u00e7\u0131l\u0131\u015f konu\u015fmalar\u0131\" \/>\n<meta property=\"og:url\" content=\"https:\/\/forum.etkiniz.eu\/en\/co-working\/\" \/>\n<meta property=\"og:site_name\" content=\"Etkiniz\" \/>\n<meta property=\"article:modified_time\" content=\"2021-06-16T13:27:45+00:00\" \/>\n<meta property=\"og:image\" content=\"https:\/\/padlet.net\/embeds\/made_with_padlet.png\" \/>\n<meta name=\"twitter:card\" content=\"summary_large_image\" \/>\n<meta name=\"twitter:label1\" content=\"Est. reading time\" \/>\n\t<meta name=\"twitter:data1\" content=\"3 minutes\" \/>\n<script type=\"application\/ld+json\" class=\"yoast-schema-graph\">{\"@context\":\"https:\/\/schema.org\",\"@graph\":[{\"@type\":\"WebPage\",\"@id\":\"https:\/\/forum.etkiniz.eu\/en\/co-working\/\",\"url\":\"https:\/\/forum.etkiniz.eu\/en\/co-working\/\",\"name\":\"Etkiniz Forum | Veronica Yates | The Rights Studio & CRIN\",\"isPartOf\":{\"@id\":\"https:\/\/forum.etkiniz.eu\/#website\"},\"primaryImageOfPage\":{\"@id\":\"https:\/\/forum.etkiniz.eu\/en\/co-working\/#primaryimage\"},\"image\":{\"@id\":\"https:\/\/forum.etkiniz.eu\/en\/co-working\/#primaryimage\"},\"thumbnailUrl\":\"https:\/\/padlet.net\/embeds\/made_with_padlet.png\",\"datePublished\":\"2021-04-27T10:39:27+00:00\",\"dateModified\":\"2021-06-16T13:27:45+00:00\",\"description\":\"Veronica Yates | The Rights Studio & Child Rights International Network - CRIN | #Neyi\u0130zlemiyoruz? A\u00e7\u0131l\u0131\u015f konu\u015fmalar\u0131\",\"breadcrumb\":{\"@id\":\"https:\/\/forum.etkiniz.eu\/en\/co-working\/#breadcrumb\"},\"inLanguage\":\"en-US\",\"potentialAction\":[{\"@type\":\"ReadAction\",\"target\":[\"https:\/\/forum.etkiniz.eu\/en\/co-working\/\"]}]},{\"@type\":\"ImageObject\",\"inLanguage\":\"en-US\",\"@id\":\"https:\/\/forum.etkiniz.eu\/en\/co-working\/#primaryimage\",\"url\":\"https:\/\/padlet.net\/embeds\/made_with_padlet.png\",\"contentUrl\":\"https:\/\/padlet.net\/embeds\/made_with_padlet.png\"},{\"@type\":\"BreadcrumbList\",\"@id\":\"https:\/\/forum.etkiniz.eu\/en\/co-working\/#breadcrumb\",\"itemListElement\":[{\"@type\":\"ListItem\",\"position\":1,\"name\":\"Anasayfa\",\"item\":\"https:\/\/forum.etkiniz.eu\/en\/\"},{\"@type\":\"ListItem\",\"position\":2,\"name\":\"CO-WORKING\"}]},{\"@type\":\"WebSite\",\"@id\":\"https:\/\/forum.etkiniz.eu\/#website\",\"url\":\"https:\/\/forum.etkiniz.eu\/\",\"name\":\"Etkiniz\",\"description\":\"AB Program\u0131\",\"publisher\":{\"@id\":\"https:\/\/forum.etkiniz.eu\/#organization\"},\"potentialAction\":[{\"@type\":\"SearchAction\",\"target\":{\"@type\":\"EntryPoint\",\"urlTemplate\":\"https:\/\/forum.etkiniz.eu\/?s={search_term_string}\"},\"query-input\":\"required name=search_term_string\"}],\"inLanguage\":\"en-US\"},{\"@type\":\"Organization\",\"@id\":\"https:\/\/forum.etkiniz.eu\/#organization\",\"name\":\"Etkiniz\",\"url\":\"https:\/\/forum.etkiniz.eu\/\",\"logo\":{\"@type\":\"ImageObject\",\"inLanguage\":\"en-US\",\"@id\":\"https:\/\/forum.etkiniz.eu\/#\/schema\/logo\/image\/\",\"url\":\"https:\/\/forum.etkiniz.eu\/wp-content\/uploads\/2021\/04\/Webp.net-resizeimage-6.png\",\"contentUrl\":\"https:\/\/forum.etkiniz.eu\/wp-content\/uploads\/2021\/04\/Webp.net-resizeimage-6.png\",\"width\":77,\"height\":75,\"caption\":\"Etkiniz\"},\"image\":{\"@id\":\"https:\/\/forum.etkiniz.eu\/#\/schema\/logo\/image\/\"}}]}<\/script>\n<!-- \/ Yoast SEO plugin. -->","yoast_head_json":{"title":"Etkiniz Forum | Veronica Yates | The Rights Studio & CRIN","description":"Veronica Yates | The Rights Studio & Child Rights International Network - CRIN | #Neyi\u0130zlemiyoruz? A\u00e7\u0131l\u0131\u015f konu\u015fmalar\u0131","robots":{"index":"index","follow":"follow","max-snippet":"max-snippet:-1","max-image-preview":"max-image-preview:large","max-video-preview":"max-video-preview:-1"},"canonical":"https:\/\/forum.etkiniz.eu\/en\/co-working\/","og_locale":"en_US","og_type":"article","og_title":"Etkiniz Forum | Veronica Yates | The Rights Studio & CRIN","og_description":"Veronica Yates | The Rights Studio & Child Rights International Network - CRIN | #Neyi\u0130zlemiyoruz? A\u00e7\u0131l\u0131\u015f konu\u015fmalar\u0131","og_url":"https:\/\/forum.etkiniz.eu\/en\/co-working\/","og_site_name":"Etkiniz","article_modified_time":"2021-06-16T13:27:45+00:00","og_image":[{"url":"https:\/\/padlet.net\/embeds\/made_with_padlet.png"}],"twitter_card":"summary_large_image","twitter_misc":{"Est. reading time":"3 minutes"},"schema":{"@context":"https:\/\/schema.org","@graph":[{"@type":"WebPage","@id":"https:\/\/forum.etkiniz.eu\/en\/co-working\/","url":"https:\/\/forum.etkiniz.eu\/en\/co-working\/","name":"Etkiniz Forum | Veronica Yates | The Rights Studio & CRIN","isPartOf":{"@id":"https:\/\/forum.etkiniz.eu\/#website"},"primaryImageOfPage":{"@id":"https:\/\/forum.etkiniz.eu\/en\/co-working\/#primaryimage"},"image":{"@id":"https:\/\/forum.etkiniz.eu\/en\/co-working\/#primaryimage"},"thumbnailUrl":"https:\/\/padlet.net\/embeds\/made_with_padlet.png","datePublished":"2021-04-27T10:39:27+00:00","dateModified":"2021-06-16T13:27:45+00:00","description":"Veronica Yates | The Rights Studio & Child Rights International Network - CRIN | #Neyi\u0130zlemiyoruz? A\u00e7\u0131l\u0131\u015f konu\u015fmalar\u0131","breadcrumb":{"@id":"https:\/\/forum.etkiniz.eu\/en\/co-working\/#breadcrumb"},"inLanguage":"en-US","potentialAction":[{"@type":"ReadAction","target":["https:\/\/forum.etkiniz.eu\/en\/co-working\/"]}]},{"@type":"ImageObject","inLanguage":"en-US","@id":"https:\/\/forum.etkiniz.eu\/en\/co-working\/#primaryimage","url":"https:\/\/padlet.net\/embeds\/made_with_padlet.png","contentUrl":"https:\/\/padlet.net\/embeds\/made_with_padlet.png"},{"@type":"BreadcrumbList","@id":"https:\/\/forum.etkiniz.eu\/en\/co-working\/#breadcrumb","itemListElement":[{"@type":"ListItem","position":1,"name":"Anasayfa","item":"https:\/\/forum.etkiniz.eu\/en\/"},{"@type":"ListItem","position":2,"name":"CO-WORKING"}]},{"@type":"WebSite","@id":"https:\/\/forum.etkiniz.eu\/#website","url":"https:\/\/forum.etkiniz.eu\/","name":"Etkiniz","description":"AB Program\u0131","publisher":{"@id":"https:\/\/forum.etkiniz.eu\/#organization"},"potentialAction":[{"@type":"SearchAction","target":{"@type":"EntryPoint","urlTemplate":"https:\/\/forum.etkiniz.eu\/?s={search_term_string}"},"query-input":"required name=search_term_string"}],"inLanguage":"en-US"},{"@type":"Organization","@id":"https:\/\/forum.etkiniz.eu\/#organization","name":"Etkiniz","url":"https:\/\/forum.etkiniz.eu\/","logo":{"@type":"ImageObject","inLanguage":"en-US","@id":"https:\/\/forum.etkiniz.eu\/#\/schema\/logo\/image\/","url":"https:\/\/forum.etkiniz.eu\/wp-content\/uploads\/2021\/04\/Webp.net-resizeimage-6.png","contentUrl":"https:\/\/forum.etkiniz.eu\/wp-content\/uploads\/2021\/04\/Webp.net-resizeimage-6.png","width":77,"height":75,"caption":"Etkiniz"},"image":{"@id":"https:\/\/forum.etkiniz.eu\/#\/schema\/logo\/image\/"}}]}},"_links":{"self":[{"href":"https:\/\/forum.etkiniz.eu\/en\/wp-json\/wp\/v2\/pages\/15231","targetHints":{"allow":["GET"]}}],"collection":[{"href":"https:\/\/forum.etkiniz.eu\/en\/wp-json\/wp\/v2\/pages"}],"about":[{"href":"https:\/\/forum.etkiniz.eu\/en\/wp-json\/wp\/v2\/types\/page"}],"author":[{"embeddable":true,"href":"https:\/\/forum.etkiniz.eu\/en\/wp-json\/wp\/v2\/users\/1"}],"replies":[{"embeddable":true,"href":"https:\/\/forum.etkiniz.eu\/en\/wp-json\/wp\/v2\/comments?post=15231"}],"version-history":[{"count":9,"href":"https:\/\/forum.etkiniz.eu\/en\/wp-json\/wp\/v2\/pages\/15231\/revisions"}],"predecessor-version":[{"id":15959,"href":"https:\/\/forum.etkiniz.eu\/en\/wp-json\/wp\/v2\/pages\/15231\/revisions\/15959"}],"wp:attachment":[{"href":"https:\/\/forum.etkiniz.eu\/en\/wp-json\/wp\/v2\/media?parent=15231"}],"curies":[{"name":"wp","href":"https:\/\/api.w.org\/{rel}","templated":true}]}}